{"id":33,"date":"2026-01-19T05:09:24","date_gmt":"2026-01-19T05:09:24","guid":{"rendered":"https:\/\/feciba.com\/tienda\/?post_type=product&#038;p=33"},"modified":"2026-01-19T05:09:24","modified_gmt":"2026-01-19T05:09:24","slug":"playera-feciba-especial","status":"publish","type":"product","link":"https:\/\/feciba.com\/tienda\/producto\/playera-feciba-especial\/","title":{"rendered":"Playera FECIBA Especial"},"content":{"rendered":"<p>Lleva puesto tu amor por el cine de barrio con la playera edici\u00f3n especial de FECIBA.  <\/p>\n<p>Este dise\u00f1o est\u00e1 pensado en celebrar la comunidad que hace posible el festival: cineastas, p\u00fablico, sedes y aliadxs que creen en el poder de las buenas historias.<\/p>\n<p>Al adquirir esta playera est\u00e1s realizando una aportaci\u00f3n directa al festival, para la producci\u00f3n de la siguiente edici\u00f3n de FECIBA.<\/p>\n<p>Playera 100% Algod\u00f3n<br \/>\nDise\u00f1o especial en serigraf\u00eda a color<\/p>\n","protected":false},"excerpt":{"rendered":"<p>Lleva puesto tu amor por el cine de barrio con la playera edici\u00f3n especial de FECIBA. Este dise\u00f1o est\u00e1 pensado en celebrar la comunidad que hace posible el festival: cineastas, p\u00fablico, sedes y aliadxs que creen en el poder de las buenas historias. Al adquirir esta playera est\u00e1s realizando una aportaci\u00f3n directa al festival, para [&hellip;]<\/p>\n","protected":false},"featured_media":38,"comment_status":"open","ping_status":"closed","template":"","meta":[],"product_brand":[],"product_cat":[15],"product_tag":[],"class_list":{"0":"post-33","1":"product","2":"type-product","3":"status-publish","4":"has-post-thumbnail","6":"product_cat-sin-categorizar","8":"first","9":"instock","10":"sale","11":"shipping-taxable","12":"purchasable","13":"product-type-variable"},"yoast_head":"<!-- This site is optimized with the Yoast SEO plugin v27.3 - https:\/\/yoast.com\/product\/yoast-seo-wordpress\/ -->\n<title>Playera FECIBA Especial - FECIBA<\/title>\n<meta name=\"robots\" content=\"index, follow, max-snippet:-1, max-image-preview:large, max-video-preview:-1\" \/>\n<link rel=\"canonical\" href=\"https:\/\/feciba.com\/tienda\/producto\/playera-feciba-especial\/\" \/>\n<meta property=\"og:locale\" content=\"es_ES\" \/>\n<meta property=\"og:type\" content=\"article\" \/>\n<meta property=\"og:title\" content=\"Playera FECIBA Especial - FECIBA\" \/>\n<meta property=\"og:description\" content=\"Lleva puesto tu amor por el cine de barrio con la playera edici\u00f3n especial de FECIBA. Este dise\u00f1o est\u00e1 pensado en celebrar la comunidad que hace posible el festival: cineastas, p\u00fablico, sedes y aliadxs que creen en el poder de las buenas historias. Al adquirir esta playera est\u00e1s realizando una aportaci\u00f3n directa al festival, para [&hellip;]\" \/>\n<meta property=\"og:url\" content=\"https:\/\/feciba.com\/tienda\/producto\/playera-feciba-especial\/\" \/>\n<meta property=\"og:site_name\" content=\"FECIBA\" \/>\n<meta property=\"og:image\" content=\"https:\/\/feciba.com\/tienda\/wp-content\/uploads\/2026\/01\/WhatsApp-Image-2026-01-12-at-23.36.25-1.jpeg\" \/>\n\t<meta property=\"og:image:width\" content=\"1600\" \/>\n\t<meta property=\"og:image:height\" content=\"1081\" \/>\n\t<meta property=\"og:image:type\" content=\"image\/jpeg\" \/>\n<meta name=\"twitter:card\" content=\"summary_large_image\" \/>\n<meta name=\"twitter:label1\" content=\"Tiempo de lectura\" \/>\n\t<meta name=\"twitter:data1\" content=\"1 minuto\" \/>\n<script type=\"application\/ld+json\" class=\"yoast-schema-graph\">{\"@context\":\"https:\\\/\\\/schema.org\",\"@graph\":[{\"@type\":\"WebPage\",\"@id\":\"https:\\\/\\\/feciba.com\\\/tienda\\\/producto\\\/playera-feciba-especial\\\/\",\"url\":\"https:\\\/\\\/feciba.com\\\/tienda\\\/producto\\\/playera-feciba-especial\\\/\",\"name\":\"Playera FECIBA Especial - FECIBA\",\"isPartOf\":{\"@id\":\"https:\\\/\\\/feciba.com\\\/tienda\\\/#website\"},\"primaryImageOfPage\":{\"@id\":\"https:\\\/\\\/feciba.com\\\/tienda\\\/producto\\\/playera-feciba-especial\\\/#primaryimage\"},\"image\":{\"@id\":\"https:\\\/\\\/feciba.com\\\/tienda\\\/producto\\\/playera-feciba-especial\\\/#primaryimage\"},\"thumbnailUrl\":\"https:\\\/\\\/feciba.com\\\/tienda\\\/wp-content\\\/uploads\\\/2026\\\/01\\\/WhatsApp-Image-2026-01-12-at-23.36.25-1.jpeg\",\"datePublished\":\"2026-01-19T05:09:24+00:00\",\"breadcrumb\":{\"@id\":\"https:\\\/\\\/feciba.com\\\/tienda\\\/producto\\\/playera-feciba-especial\\\/#breadcrumb\"},\"inLanguage\":\"es\",\"potentialAction\":[{\"@type\":\"ReadAction\",\"target\":[\"https:\\\/\\\/feciba.com\\\/tienda\\\/producto\\\/playera-feciba-especial\\\/\"]}]},{\"@type\":\"ImageObject\",\"inLanguage\":\"es\",\"@id\":\"https:\\\/\\\/feciba.com\\\/tienda\\\/producto\\\/playera-feciba-especial\\\/#primaryimage\",\"url\":\"https:\\\/\\\/feciba.com\\\/tienda\\\/wp-content\\\/uploads\\\/2026\\\/01\\\/WhatsApp-Image-2026-01-12-at-23.36.25-1.jpeg\",\"contentUrl\":\"https:\\\/\\\/feciba.com\\\/tienda\\\/wp-content\\\/uploads\\\/2026\\\/01\\\/WhatsApp-Image-2026-01-12-at-23.36.25-1.jpeg\",\"width\":1600,\"height\":1081},{\"@type\":\"BreadcrumbList\",\"@id\":\"https:\\\/\\\/feciba.com\\\/tienda\\\/producto\\\/playera-feciba-especial\\\/#breadcrumb\",\"itemListElement\":[{\"@type\":\"ListItem\",\"position\":1,\"name\":\"Home\",\"item\":\"https:\\\/\\\/feciba.com\\\/tienda\\\/\"},{\"@type\":\"ListItem\",\"position\":2,\"name\":\"Tienda\",\"item\":\"https:\\\/\\\/feciba.com\\\/tienda\\\/\"},{\"@type\":\"ListItem\",\"position\":3,\"name\":\"Playera FECIBA Especial\"}]},{\"@type\":\"WebSite\",\"@id\":\"https:\\\/\\\/feciba.com\\\/tienda\\\/#website\",\"url\":\"https:\\\/\\\/feciba.com\\\/tienda\\\/\",\"name\":\"FECIBA\",\"description\":\"Festival de Cine de Barrio\",\"potentialAction\":[{\"@type\":\"SearchAction\",\"target\":{\"@type\":\"EntryPoint\",\"urlTemplate\":\"https:\\\/\\\/feciba.com\\\/tienda\\\/?s={search_term_string}\"},\"query-input\":{\"@type\":\"PropertyValueSpecification\",\"valueRequired\":true,\"valueName\":\"search_term_string\"}}],\"inLanguage\":\"es\"}]}<\/script>\n<!-- \/ Yoast SEO plugin. -->","yoast_head_json":{"title":"Playera FECIBA Especial - FECIBA","robots":{"index":"index","follow":"follow","max-snippet":"max-snippet:-1","max-image-preview":"max-image-preview:large","max-video-preview":"max-video-preview:-1"},"canonical":"https:\/\/feciba.com\/tienda\/producto\/playera-feciba-especial\/","og_locale":"es_ES","og_type":"article","og_title":"Playera FECIBA Especial - FECIBA","og_description":"Lleva puesto tu amor por el cine de barrio con la playera edici\u00f3n especial de FECIBA. Este dise\u00f1o est\u00e1 pensado en celebrar la comunidad que hace posible el festival: cineastas, p\u00fablico, sedes y aliadxs que creen en el poder de las buenas historias. Al adquirir esta playera est\u00e1s realizando una aportaci\u00f3n directa al festival, para [&hellip;]","og_url":"https:\/\/feciba.com\/tienda\/producto\/playera-feciba-especial\/","og_site_name":"FECIBA","og_image":[{"width":1600,"height":1081,"url":"https:\/\/feciba.com\/tienda\/wp-content\/uploads\/2026\/01\/WhatsApp-Image-2026-01-12-at-23.36.25-1.jpeg","type":"image\/jpeg"}],"twitter_card":"summary_large_image","twitter_misc":{"Tiempo de lectura":"1 minuto"},"schema":{"@context":"https:\/\/schema.org","@graph":[{"@type":"WebPage","@id":"https:\/\/feciba.com\/tienda\/producto\/playera-feciba-especial\/","url":"https:\/\/feciba.com\/tienda\/producto\/playera-feciba-especial\/","name":"Playera FECIBA Especial - FECIBA","isPartOf":{"@id":"https:\/\/feciba.com\/tienda\/#website"},"primaryImageOfPage":{"@id":"https:\/\/feciba.com\/tienda\/producto\/playera-feciba-especial\/#primaryimage"},"image":{"@id":"https:\/\/feciba.com\/tienda\/producto\/playera-feciba-especial\/#primaryimage"},"thumbnailUrl":"https:\/\/feciba.com\/tienda\/wp-content\/uploads\/2026\/01\/WhatsApp-Image-2026-01-12-at-23.36.25-1.jpeg","datePublished":"2026-01-19T05:09:24+00:00","breadcrumb":{"@id":"https:\/\/feciba.com\/tienda\/producto\/playera-feciba-especial\/#breadcrumb"},"inLanguage":"es","potentialAction":[{"@type":"ReadAction","target":["https:\/\/feciba.com\/tienda\/producto\/playera-feciba-especial\/"]}]},{"@type":"ImageObject","inLanguage":"es","@id":"https:\/\/feciba.com\/tienda\/producto\/playera-feciba-especial\/#primaryimage","url":"https:\/\/feciba.com\/tienda\/wp-content\/uploads\/2026\/01\/WhatsApp-Image-2026-01-12-at-23.36.25-1.jpeg","contentUrl":"https:\/\/feciba.com\/tienda\/wp-content\/uploads\/2026\/01\/WhatsApp-Image-2026-01-12-at-23.36.25-1.jpeg","width":1600,"height":1081},{"@type":"BreadcrumbList","@id":"https:\/\/feciba.com\/tienda\/producto\/playera-feciba-especial\/#breadcrumb","itemListElement":[{"@type":"ListItem","position":1,"name":"Home","item":"https:\/\/feciba.com\/tienda\/"},{"@type":"ListItem","position":2,"name":"Tienda","item":"https:\/\/feciba.com\/tienda\/"},{"@type":"ListItem","position":3,"name":"Playera FECIBA Especial"}]},{"@type":"WebSite","@id":"https:\/\/feciba.com\/tienda\/#website","url":"https:\/\/feciba.com\/tienda\/","name":"FECIBA","description":"Festival de Cine de Barrio","potentialAction":[{"@type":"SearchAction","target":{"@type":"EntryPoint","urlTemplate":"https:\/\/feciba.com\/tienda\/?s={search_term_string}"},"query-input":{"@type":"PropertyValueSpecification","valueRequired":true,"valueName":"search_term_string"}}],"inLanguage":"es"}]}},"jetpack_sharing_enabled":true,"_links":{"self":[{"href":"https:\/\/feciba.com\/tienda\/wp-json\/wp\/v2\/product\/33","targetHints":{"allow":["GET"]}}],"collection":[{"href":"https:\/\/feciba.com\/tienda\/wp-json\/wp\/v2\/product"}],"about":[{"href":"https:\/\/feciba.com\/tienda\/wp-json\/wp\/v2\/types\/product"}],"replies":[{"embeddable":true,"href":"https:\/\/feciba.com\/tienda\/wp-json\/wp\/v2\/comments?post=33"}],"wp:featuredmedia":[{"embeddable":true,"href":"https:\/\/feciba.com\/tienda\/wp-json\/wp\/v2\/media\/38"}],"wp:attachment":[{"href":"https:\/\/feciba.com\/tienda\/wp-json\/wp\/v2\/media?parent=33"}],"wp:term":[{"taxonomy":"product_brand","embeddable":true,"href":"https:\/\/feciba.com\/tienda\/wp-json\/wp\/v2\/product_brand?post=33"},{"taxonomy":"product_cat","embeddable":true,"href":"https:\/\/feciba.com\/tienda\/wp-json\/wp\/v2\/product_cat?post=33"},{"taxonomy":"product_tag","embeddable":true,"href":"https:\/\/feciba.com\/tienda\/wp-json\/wp\/v2\/product_tag?post=33"}],"curies":[{"name":"wp","href":"https:\/\/api.w.org\/{rel}","templated":true}]}}